{"id":3431,"date":"2022-06-15T14:58:59","date_gmt":"2022-06-15T14:58:59","guid":{"rendered":"https:https:\/\/latinor.com\/\/?page_id=3431"},"modified":"2025-05-06T22:09:31","modified_gmt":"2025-05-06T22:09:31","slug":"nosotros","status":"publish","type":"page","link":"https:\/\/www.latinor.com\/es\/nosotros\/","title":{"rendered":"Acerca de Nosotros"},"content":{"rendered":"\t\t<div data-elementor-type=\"wp-post\" data-elementor-id=\"3431\" class=\"elementor elementor-3431\">\n\t\t\t\t\t\t<section class=\"has_eae_slider elementor-section elementor-top-section elementor-element elementor-element-82c3be4 elementor-section-boxed elementor-section-height-default elementor-section-height-default\" data-eae-slider=\"86692\" data-id=\"82c3be4\" data-element_type=\"section\" data-e-type=\"section\">\n\t\t\t\t\t\t<div class=\"elementor-container elementor-column-gap-default\">\n\t\t\t\t\t<div class=\"has_eae_slider elementor-column elementor-col-100 elementor-top-column elementor-element elementor-element-16cf25a\" data-eae-slider=\"53418\" data-id=\"16cf25a\" data-element_type=\"column\" data-e-type=\"column\">\n\t\t\t<div class=\"elementor-widget-wrap elementor-element-populated\">\n\t\t\t\t\t\t<div class=\"elementor-element elementor-element-663f07e elementor-widget elementor-widget-spacer\" data-id=\"663f07e\" data-element_type=\"widget\" data-e-type=\"widget\" data-widget_type=\"spacer.default\">\n\t\t\t\t<div class=\"elementor-widget-container\">\n\t\t\t\t\t\t\t<div class=\"elementor-spacer\">\n\t\t\t<div class=\"elementor-spacer-inner\"><\/div>\n\t\t<\/div>\n\t\t\t\t\t\t<\/div>\n\t\t\t\t<\/div>\n\t\t\t\t<div class=\"elementor-element elementor-element-17e77a1 elementor-widget elementor-widget-spacer\" data-id=\"17e77a1\" data-element_type=\"widget\" data-e-type=\"widget\" data-widget_type=\"spacer.default\">\n\t\t\t\t<div class=\"elementor-widget-container\">\n\t\t\t\t\t\t\t<div class=\"elementor-spacer\">\n\t\t\t<div class=\"elementor-spacer-inner\"><\/div>\n\t\t<\/div>\n\t\t\t\t\t\t<\/div>\n\t\t\t\t<\/div>\n\t\t\t\t<div class=\"elementor-element elementor-element-0eb63ea elementor-widget elementor-widget-spacer\" data-id=\"0eb63ea\" data-element_type=\"widget\" data-e-type=\"widget\" data-widget_type=\"spacer.default\">\n\t\t\t\t<div class=\"elementor-widget-container\">\n\t\t\t\t\t\t\t<div class=\"elementor-spacer\">\n\t\t\t<div class=\"elementor-spacer-inner\"><\/div>\n\t\t<\/div>\n\t\t\t\t\t\t<\/div>\n\t\t\t\t<\/div>\n\t\t\t\t\t<\/div>\n\t\t<\/div>\n\t\t\t\t\t<\/div>\n\t\t<\/section>\n\t\t\t\t<section class=\"has_eae_slider elementor-section elementor-top-section elementor-element elementor-element-c2b62f1 elementor-section-boxed elementor-section-height-default elementor-section-height-default\" data-eae-slider=\"48613\" data-id=\"c2b62f1\" data-element_type=\"section\" data-e-type=\"section\">\n\t\t\t\t\t\t<div class=\"elementor-container elementor-column-gap-default\">\n\t\t\t\t\t<div class=\"has_eae_slider elementor-column elementor-col-50 elementor-top-column elementor-element elementor-element-bd3934c\" data-eae-slider=\"47716\" data-id=\"bd3934c\" data-element_type=\"column\" data-e-type=\"column\">\n\t\t\t<div class=\"elementor-widget-wrap elementor-element-populated\">\n\t\t\t\t\t\t<div class=\"elementor-element elementor-element-4b9949b elementor-widget elementor-widget-image\" data-id=\"4b9949b\" data-element_type=\"widget\" data-e-type=\"widget\" data-widget_type=\"image.default\">\n\t\t\t\t<div class=\"elementor-widget-container\">\n\t\t\t\t\t\t\t\t\t\t\t\t\t\t\t<img fetchpriority=\"high\" decoding=\"async\" width=\"1033\" height=\"1033\" src=\"https:\/\/latinor.com\/wp-content\/uploads\/2022\/08\/YjjG.gif\" class=\"attachment-full size-full wp-image-3827\" alt=\"\" \/>\t\t\t\t\t\t\t\t\t\t\t\t\t\t\t<\/div>\n\t\t\t\t<\/div>\n\t\t\t\t\t<\/div>\n\t\t<\/div>\n\t\t\t\t<div class=\"has_eae_slider elementor-column elementor-col-50 elementor-top-column elementor-element elementor-element-86b421f\" data-eae-slider=\"95131\" data-id=\"86b421f\" data-element_type=\"column\" data-e-type=\"column\">\n\t\t\t<div class=\"elementor-widget-wrap elementor-element-populated\">\n\t\t\t\t\t\t<div class=\"elementor-element elementor-element-2d183c5 elementor-widget elementor-widget-heading\" data-id=\"2d183c5\" data-element_type=\"widget\" data-e-type=\"widget\" data-widget_type=\"heading.default\">\n\t\t\t\t<div class=\"elementor-widget-container\">\n\t\t\t\t\t<h2 class=\"elementor-heading-title elementor-size-default\">Acerca de Nosotros<\/h2>\t\t\t\t<\/div>\n\t\t\t\t<\/div>\n\t\t\t\t<div class=\"elementor-element elementor-element-c77f439 elementor-widget elementor-widget-text-editor\" data-id=\"c77f439\" data-element_type=\"widget\" data-e-type=\"widget\" data-widget_type=\"text-editor.default\">\n\t\t\t\t<div class=\"elementor-widget-container\">\n\t\t\t\t\t\t\t\t\t<p>Somos distribuidores y exportadores de materias primas qu\u00edmicas e industriales, con servicio a las regiones de Latinoam\u00e9rica, el Caribe y USA.<\/p><p>Sirviendo a nuestros clientes orgullosamente desde 2008, ofrecemos un servicio al cliente impecable con un enfoque personalizado, siempre asegur\u00e1ndonos que cada pedido se realice con \u00e9xito.<\/p><p>Nuestros Productos cumplen con Est\u00e1ndares Internacionales y est\u00e1n dise\u00f1ados para brindar la m\u00e1s alta calidad en cualquier producto final que se este fabricando o produciendo.<\/p>\t\t\t\t\t\t\t\t<\/div>\n\t\t\t\t<\/div>\n\t\t\t\t<div class=\"elementor-element elementor-element-baa3938 elementor-widget elementor-widget-image\" data-id=\"baa3938\" data-element_type=\"widget\" data-e-type=\"widget\" data-widget_type=\"image.default\">\n\t\t\t\t<div class=\"elementor-widget-container\">\n\t\t\t\t\t\t\t\t\t\t\t\t\t\t\t<img decoding=\"async\" width=\"800\" height=\"38\" src=\"https:\/\/latinor.com\/wp-content\/uploads\/2022\/12\/Arrow-removebg-preview-1024x48.png\" class=\"attachment-large size-large wp-image-5873\" alt=\"\" srcset=\"https:\/\/latinor.com\/wp-content\/uploads\/2022\/12\/Arrow-removebg-preview-1024x48.png 1024w, https:\/\/latinor.com\/wp-content\/uploads\/2022\/12\/Arrow-removebg-preview-300x14.png 300w, https:\/\/latinor.com\/wp-content\/uploads\/2022\/12\/Arrow-removebg-preview-768x36.png 768w, https:\/\/latinor.com\/wp-content\/uploads\/2022\/12\/Arrow-removebg-preview.png 1177w\" sizes=\"(max-width: 800px) 100vw, 800px\" \/>\t\t\t\t\t\t\t\t\t\t\t\t\t\t\t<\/div>\n\t\t\t\t<\/div>\n\t\t\t\t\t<\/div>\n\t\t<\/div>\n\t\t\t\t\t<\/div>\n\t\t<\/section>\n\t\t\t\t<section class=\"has_eae_slider elementor-section elementor-top-section elementor-element elementor-element-49322c8 elementor-section-full_width elementor-section-stretched elementor-section-height-default elementor-section-height-default\" data-eae-slider=\"15255\" data-id=\"49322c8\" data-element_type=\"section\" data-e-type=\"section\" data-settings=\"{&quot;stretch_section&quot;:&quot;section-stretched&quot;}\">\n\t\t\t\t\t\t<div class=\"elementor-container elementor-column-gap-default\">\n\t\t\t\t\t<div class=\"has_eae_slider elementor-column elementor-col-100 elementor-top-column elementor-element elementor-element-13c27de\" data-eae-slider=\"71050\" data-id=\"13c27de\" data-element_type=\"column\" data-e-type=\"column\">\n\t\t\t<div class=\"elementor-widget-wrap elementor-element-populated\">\n\t\t\t\t\t\t<section class=\"has_eae_slider elementor-section elementor-inner-section elementor-element elementor-element-c8152d7 elementor-section-boxed elementor-section-height-default elementor-section-height-default\" data-eae-slider=\"51045\" data-id=\"c8152d7\" data-element_type=\"section\" data-e-type=\"section\" data-settings=\"{&quot;background_background&quot;:&quot;classic&quot;}\">\n\t\t\t\t\t\t<div class=\"elementor-container elementor-column-gap-no\">\n\t\t\t\t\t<div class=\"has_eae_slider elementor-column elementor-col-25 elementor-inner-column elementor-element elementor-element-bab34a2\" data-eae-slider=\"80690\" data-id=\"bab34a2\" data-element_type=\"column\" data-e-type=\"column\">\n\t\t\t<div class=\"elementor-widget-wrap elementor-element-populated\">\n\t\t\t\t\t\t<div class=\"elementor-element elementor-element-2a2226b elementor-widget elementor-widget-counter\" data-id=\"2a2226b\" data-element_type=\"widget\" data-e-type=\"widget\" data-widget_type=\"counter.default\">\n\t\t\t\t<div class=\"elementor-widget-container\">\n\t\t\t\t\t\t\t<div class=\"elementor-counter\">\n\t\t\t\t\t\t<div class=\"elementor-counter-number-wrapper\">\n\t\t\t\t<span class=\"elementor-counter-number-prefix\"><\/span>\n\t\t\t\t<span class=\"elementor-counter-number\" data-duration=\"2000\" data-to-value=\"2000\" data-from-value=\"0\" data-delimiter=\" \">0<\/span>\n\t\t\t\t<span class=\"elementor-counter-number-suffix\">+<\/span>\n\t\t\t<\/div>\n\t\t<\/div>\n\t\t\t\t\t\t<\/div>\n\t\t\t\t<\/div>\n\t\t\t\t<div class=\"elementor-element elementor-element-9b89e01 elementor-widget elementor-widget-text-editor\" data-id=\"9b89e01\" data-element_type=\"widget\" data-e-type=\"widget\" data-widget_type=\"text-editor.default\">\n\t\t\t\t<div class=\"elementor-widget-container\">\n\t\t\t\t\t\t\t\t\t<p>Ordenes Entregadas<\/p>\t\t\t\t\t\t\t\t<\/div>\n\t\t\t\t<\/div>\n\t\t\t\t<div class=\"elementor-element elementor-element-30df4b0 elementor-widget__width-initial elementor-absolute elementor-hidden-phone elementor-widget-tablet__width-inherit elementor-view-default elementor-widget elementor-widget-icon\" data-id=\"30df4b0\" data-element_type=\"widget\" data-e-type=\"widget\" data-settings=\"{&quot;_position&quot;:&quot;absolute&quot;}\" data-widget_type=\"icon.default\">\n\t\t\t\t<div class=\"elementor-widget-container\">\n\t\t\t\t\t\t\t<div class=\"elementor-icon-wrapper\">\n\t\t\t<div class=\"elementor-icon\">\n\t\t\t<i aria-hidden=\"true\" class=\"fas fa-star\"><\/i>\t\t\t<\/div>\n\t\t<\/div>\n\t\t\t\t\t\t<\/div>\n\t\t\t\t<\/div>\n\t\t\t\t\t<\/div>\n\t\t<\/div>\n\t\t\t\t<div class=\"has_eae_slider elementor-column elementor-col-25 elementor-inner-column elementor-element elementor-element-fc77aaa\" data-eae-slider=\"5604\" data-id=\"fc77aaa\" data-element_type=\"column\" data-e-type=\"column\">\n\t\t\t<div class=\"elementor-widget-wrap elementor-element-populated\">\n\t\t\t\t\t\t<div class=\"elementor-element elementor-element-de80822 elementor-widget elementor-widget-counter\" data-id=\"de80822\" data-element_type=\"widget\" data-e-type=\"widget\" data-widget_type=\"counter.default\">\n\t\t\t\t<div class=\"elementor-widget-container\">\n\t\t\t\t\t\t\t<div class=\"elementor-counter\">\n\t\t\t\t\t\t<div class=\"elementor-counter-number-wrapper\">\n\t\t\t\t<span class=\"elementor-counter-number-prefix\"><\/span>\n\t\t\t\t<span class=\"elementor-counter-number\" data-duration=\"2000\" data-to-value=\"15\" data-from-value=\"0\" data-delimiter=\" \">0<\/span>\n\t\t\t\t<span class=\"elementor-counter-number-suffix\">+<\/span>\n\t\t\t<\/div>\n\t\t<\/div>\n\t\t\t\t\t\t<\/div>\n\t\t\t\t<\/div>\n\t\t\t\t<div class=\"elementor-element elementor-element-d95289f elementor-widget__width-initial elementor-absolute elementor-hidden-phone elementor-widget-tablet__width-inherit elementor-view-default elementor-widget elementor-widget-icon\" data-id=\"d95289f\" data-element_type=\"widget\" data-e-type=\"widget\" data-settings=\"{&quot;_position&quot;:&quot;absolute&quot;}\" data-widget_type=\"icon.default\">\n\t\t\t\t<div class=\"elementor-widget-container\">\n\t\t\t\t\t\t\t<div class=\"elementor-icon-wrapper\">\n\t\t\t<div class=\"elementor-icon\">\n\t\t\t<i aria-hidden=\"true\" class=\"fas fa-medal\"><\/i>\t\t\t<\/div>\n\t\t<\/div>\n\t\t\t\t\t\t<\/div>\n\t\t\t\t<\/div>\n\t\t\t\t<div class=\"elementor-element elementor-element-fe9aaff elementor-widget elementor-widget-text-editor\" data-id=\"fe9aaff\" data-element_type=\"widget\" data-e-type=\"widget\" data-widget_type=\"text-editor.default\">\n\t\t\t\t<div class=\"elementor-widget-container\">\n\t\t\t\t\t\t\t\t\t<p>A\u00f1os de Experiencia<\/p><p>\u00a0<\/p>\t\t\t\t\t\t\t\t<\/div>\n\t\t\t\t<\/div>\n\t\t\t\t\t<\/div>\n\t\t<\/div>\n\t\t\t\t<div class=\"has_eae_slider elementor-column elementor-col-25 elementor-inner-column elementor-element elementor-element-1cc0807\" data-eae-slider=\"2892\" data-id=\"1cc0807\" data-element_type=\"column\" data-e-type=\"column\">\n\t\t\t<div class=\"elementor-widget-wrap elementor-element-populated\">\n\t\t\t\t\t\t<div class=\"elementor-element elementor-element-4ac8775 elementor-widget elementor-widget-counter\" data-id=\"4ac8775\" data-element_type=\"widget\" data-e-type=\"widget\" data-widget_type=\"counter.default\">\n\t\t\t\t<div class=\"elementor-widget-container\">\n\t\t\t\t\t\t\t<div class=\"elementor-counter\">\n\t\t\t\t\t\t<div class=\"elementor-counter-number-wrapper\">\n\t\t\t\t<span class=\"elementor-counter-number-prefix\"><\/span>\n\t\t\t\t<span class=\"elementor-counter-number\" data-duration=\"2000\" data-to-value=\"12\" data-from-value=\"0\" data-delimiter=\" \">0<\/span>\n\t\t\t\t<span class=\"elementor-counter-number-suffix\"><\/span>\n\t\t\t<\/div>\n\t\t<\/div>\n\t\t\t\t\t\t<\/div>\n\t\t\t\t<\/div>\n\t\t\t\t<div class=\"elementor-element elementor-element-2d2f82f elementor-widget elementor-widget-text-editor\" data-id=\"2d2f82f\" data-element_type=\"widget\" data-e-type=\"widget\" data-widget_type=\"text-editor.default\">\n\t\t\t\t<div class=\"elementor-widget-container\">\n\t\t\t\t\t\t\t\t\t<p>Pa\u00edses Servidos<\/p><p>\u00a0<\/p>\t\t\t\t\t\t\t\t<\/div>\n\t\t\t\t<\/div>\n\t\t\t\t<div class=\"elementor-element elementor-element-032856c elementor-widget__width-initial elementor-absolute elementor-hidden-phone elementor-widget-tablet__width-inherit elementor-view-default elementor-widget elementor-widget-icon\" data-id=\"032856c\" data-element_type=\"widget\" data-e-type=\"widget\" data-settings=\"{&quot;_position&quot;:&quot;absolute&quot;}\" data-widget_type=\"icon.default\">\n\t\t\t\t<div class=\"elementor-widget-container\">\n\t\t\t\t\t\t\t<div class=\"elementor-icon-wrapper\">\n\t\t\t<div class=\"elementor-icon\">\n\t\t\t<svg xmlns=\"http:\/\/www.w3.org\/2000\/svg\" id=\"Layer_1\" data-name=\"Layer 1\" viewBox=\"0 0 122.88 122.19\"><title>civil-engineering<\/title><path d=\"M51,7a2.19,2.19,0,0,1-.81-.13c-7.24,3.24-13.1,10.36-14.7,22.21a2.46,2.46,0,0,1-2.77,2.06,2.4,2.4,0,0,1-2.15-2.65c1.86-13.81,8.94-22.16,17.7-26a30.53,30.53,0,0,1,14-2.44A34.08,34.08,0,0,1,76,3.81c9,4.65,15.8,13.33,16.29,24.9a2.48,2.48,0,0,1-4.95.19c-.41-9.69-6.16-17-13.69-20.89l-1-.48a2.5,2.5,0,0,1-.88.14c-2.26-.06-2.85,4-3,9.38-.07,2.42,0,5.1,0,7.83,0,2.17.08,4.39.08,5.86a2.47,2.47,0,0,1-4.93,0c0-2.4,0-4.11-.06-5.79-.06-2.79-.11-5.51-.05-8,.13-4.89.71-9,2.5-11.52A28.15,28.15,0,0,0,62,4.82a27.4,27.4,0,0,0-5.51.24c1.65,2.55,2.21,6.63,2.33,11.43.07,2.59,0,5.42,0,8.32,0,1.73-.06,3.49-.06,5.93a2.41,2.41,0,1,1-4.81,0c0-1.53,0-3.78.09-6,0-2.84.1-5.62,0-8.13-.13-5.55-.73-9.66-3-9.6ZM90.13,39.27c.19.46.37.93.54,1.4.27.71.51,1.44.72,2.18l0,.08c.26,1.4.43,2.12.54,2.56a5.17,5.17,0,0,1,.15.8,7.14,7.14,0,0,1,0,1c0,.48,0,1.23,0,2.48v.07a18.3,18.3,0,0,1-.4,2.65,28.34,28.34,0,0,1-.78,2.81v0a13.78,13.78,0,0,1-2.33,4.27A5.43,5.43,0,0,1,86,61.38l-.18.64-.3,1.19A29.45,29.45,0,0,1,76.36,78a21.87,21.87,0,0,1-14.83,5.29h0a22.62,22.62,0,0,1-14.91-5.76c-4.41-3.88-7.6-9.43-9.56-15.67l0-.09c-.07-.25-.17-.55-.27-.85l0-.15a4.7,4.7,0,0,1-2.24-1.16,9.68,9.68,0,0,1-2.21-3.12h0a19.15,19.15,0,0,1-1.08-3,20,20,0,0,1-.59-3.18,16.12,16.12,0,0,1,.6-5.62A36.38,36.38,0,0,1,32.82,40c-.4-.22-.79-.45-1.16-.68a13.9,13.9,0,0,1-5.41-5.66l4.51-2h0a9.3,9.3,0,0,0,3.61,3.65c5.51,3.44,15.21,5.1,25.23,5.13s20.38-1.61,27-4.74c2.61-1.24,4.56-2.67,5.56-4.27l4.26,2.44a16.28,16.28,0,0,1-6.27,5.41ZM37.8,42.11l0,0a9.08,9.08,0,0,0-1.84,3.4,11.14,11.14,0,0,0-.77,4.22,19.56,19.56,0,0,0,.5,2.65,13.72,13.72,0,0,0,.83,2.29l0,.07a6.26,6.26,0,0,0,1.28,1.87.9.9,0,0,0,.66.31,1.72,1.72,0,0,1,1.37.15,1.93,1.93,0,0,1,.85,1h0c.21.64.35,1.09.48,1.5s.2.65.29,1a25.41,25.41,0,0,0,10,13.88,19.61,19.61,0,0,0,10.47,3.3,17.86,17.86,0,0,0,10.26-3.08c3.81-2.57,7-6.77,8.78-12.68.18-.72.38-1.42.61-2.19l.23-.83A2.1,2.1,0,0,1,82.49,58l.07,0a1.65,1.65,0,0,1,1.26-.27h0c.25,0,.58-.22.94-.66a11.1,11.1,0,0,0,1.63-3.13,21.32,21.32,0,0,0,.67-2.35,15.13,15.13,0,0,0,.35-2.14,6.8,6.8,0,0,0-.67-3.43,18.2,18.2,0,0,1-.62-1.78c-.14-.43-.28-.83-.42-1.19s-.3-.79-.46-1.16a1.07,1.07,0,0,1-.07-.39c-12.75,4.47-33.91,5.29-47.39.7Zm85.08,80.08c-1.39-18.11,2.16-25.17-13-30.86-7.57-2.84-17.25-6.44-24.21-10.77l-13,41.63ZM0,122.19C1.39,104.08-2.16,97,13,91.33c7.57-2.84,17.25-6.44,24.21-10.77l13,41.63Zm65.08-25.8h1.81a3,3,0,0,0,3-3V88.57a3,3,0,0,0-3-3H56.11a3,3,0,0,0-3,3v4.84a3,3,0,0,0,3,3h1.83l-3.51,25.8H68.48l-3.4-25.8Z\"><\/path><\/svg>\t\t\t<\/div>\n\t\t<\/div>\n\t\t\t\t\t\t<\/div>\n\t\t\t\t<\/div>\n\t\t\t\t\t<\/div>\n\t\t<\/div>\n\t\t\t\t<div class=\"has_eae_slider elementor-column elementor-col-25 elementor-inner-column elementor-element elementor-element-6b5c888\" data-eae-slider=\"26353\" data-id=\"6b5c888\" data-element_type=\"column\" data-e-type=\"column\">\n\t\t\t<div class=\"elementor-widget-wrap elementor-element-populated\">\n\t\t\t\t\t\t<div class=\"elementor-element elementor-element-306638b elementor-widget elementor-widget-counter\" data-id=\"306638b\" data-element_type=\"widget\" data-e-type=\"widget\" data-widget_type=\"counter.default\">\n\t\t\t\t<div class=\"elementor-widget-container\">\n\t\t\t\t\t\t\t<div class=\"elementor-counter\">\n\t\t\t\t\t\t<div class=\"elementor-counter-number-wrapper\">\n\t\t\t\t<span class=\"elementor-counter-number-prefix\"><\/span>\n\t\t\t\t<span class=\"elementor-counter-number\" data-duration=\"2000\" data-to-value=\"19\" data-from-value=\"0\" data-delimiter=\" \">0<\/span>\n\t\t\t\t<span class=\"elementor-counter-number-suffix\"><\/span>\n\t\t\t<\/div>\n\t\t<\/div>\n\t\t\t\t\t\t<\/div>\n\t\t\t\t<\/div>\n\t\t\t\t<div class=\"elementor-element elementor-element-cfa6a92 elementor-widget elementor-widget-text-editor\" data-id=\"cfa6a92\" data-element_type=\"widget\" data-e-type=\"widget\" data-widget_type=\"text-editor.default\">\n\t\t\t\t<div class=\"elementor-widget-container\">\n\t\t\t\t\t\t\t\t\t<p>Industrias Impactadas<\/p><p>\u00a0<\/p>\t\t\t\t\t\t\t\t<\/div>\n\t\t\t\t<\/div>\n\t\t\t\t<div class=\"elementor-element elementor-element-30d38f9 elementor-widget__width-initial elementor-absolute elementor-hidden-phone elementor-widget-tablet__width-inherit elementor-view-default elementor-widget elementor-widget-icon\" data-id=\"30d38f9\" data-element_type=\"widget\" data-e-type=\"widget\" data-settings=\"{&quot;_position&quot;:&quot;absolute&quot;}\" data-widget_type=\"icon.default\">\n\t\t\t\t<div class=\"elementor-widget-container\">\n\t\t\t\t\t\t\t<div class=\"elementor-icon-wrapper\">\n\t\t\t<div class=\"elementor-icon\">\n\t\t\t<i aria-hidden=\"true\" class=\"fas fa-globe\"><\/i>\t\t\t<\/div>\n\t\t<\/div>\n\t\t\t\t\t\t<\/div>\n\t\t\t\t<\/div>\n\t\t\t\t\t<\/div>\n\t\t<\/div>\n\t\t\t\t\t<\/div>\n\t\t<\/section>\n\t\t\t\t\t<\/div>\n\t\t<\/div>\n\t\t\t\t\t<\/div>\n\t\t<\/section>\n\t\t\t\t<section class=\"has_eae_slider elementor-section elementor-top-section elementor-element elementor-element-79e1792 elementor-section-boxed elementor-section-height-default elementor-section-height-default\" data-eae-slider=\"65436\" data-id=\"79e1792\" data-element_type=\"section\" data-e-type=\"section\">\n\t\t\t\t\t\t<div class=\"elementor-container elementor-column-gap-default\">\n\t\t\t\t\t<div class=\"has_eae_slider elementor-column elementor-col-100 elementor-top-column elementor-element elementor-element-07c8fd2\" data-eae-slider=\"17\" data-id=\"07c8fd2\" data-element_type=\"column\" data-e-type=\"column\">\n\t\t\t<div class=\"elementor-widget-wrap elementor-element-populated\">\n\t\t\t\t\t\t<div class=\"elementor-element elementor-element-047cfb0 elementor-widget elementor-widget-spacer\" data-id=\"047cfb0\" data-element_type=\"widget\" data-e-type=\"widget\" data-widget_type=\"spacer.default\">\n\t\t\t\t<div class=\"elementor-widget-container\">\n\t\t\t\t\t\t\t<div class=\"elementor-spacer\">\n\t\t\t<div class=\"elementor-spacer-inner\"><\/div>\n\t\t<\/div>\n\t\t\t\t\t\t<\/div>\n\t\t\t\t<\/div>\n\t\t\t\t\t<\/div>\n\t\t<\/div>\n\t\t\t\t\t<\/div>\n\t\t<\/section>\n\t\t\t\t<\/div>\n\t\t","protected":false},"excerpt":{"rendered":"<p>Acerca de Nosotros Somos distribuidores y exportadores de materias primas qu\u00edmicas e industriales, con servicio a las regiones de Latinoam\u00e9rica, el Caribe y USA. Sirviendo a nuestros clientes orgullosamente desde 2008, ofrecemos un servicio al cliente impecable con un enfoque personalizado, siempre asegur\u00e1ndonos que cada pedido se realice con \u00e9xito. Nuestros Productos cumplen con Est\u00e1ndares [&hellip;]<\/p>\n","protected":false},"author":1,"featured_media":0,"parent":0,"menu_order":0,"comment_status":"closed","ping_status":"closed","template":"template\/full-width-template.php","meta":{"_acf_changed":false,"footnotes":""},"class_list":["post-3431","page","type-page","status-publish","hentry"],"acf":[],"_links":{"self":[{"href":"https:\/\/www.latinor.com\/es\/wp-json\/wp\/v2\/pages\/3431","targetHints":{"allow":["GET"]}}],"collection":[{"href":"https:\/\/www.latinor.com\/es\/wp-json\/wp\/v2\/pages"}],"about":[{"href":"https:\/\/www.latinor.com\/es\/wp-json\/wp\/v2\/types\/page"}],"author":[{"embeddable":true,"href":"https:\/\/www.latinor.com\/es\/wp-json\/wp\/v2\/users\/1"}],"replies":[{"embeddable":true,"href":"https:\/\/www.latinor.com\/es\/wp-json\/wp\/v2\/comments?post=3431"}],"version-history":[{"count":93,"href":"https:\/\/www.latinor.com\/es\/wp-json\/wp\/v2\/pages\/3431\/revisions"}],"predecessor-version":[{"id":6709,"href":"https:\/\/www.latinor.com\/es\/wp-json\/wp\/v2\/pages\/3431\/revisions\/6709"}],"wp:attachment":[{"href":"https:\/\/www.latinor.com\/es\/wp-json\/wp\/v2\/media?parent=3431"}],"curies":[{"name":"wp","href":"https:\/\/api.w.org\/{rel}","templated":true}]}}