{"id":3499,"date":"2022-06-15T15:31:44","date_gmt":"2022-06-15T15:31:44","guid":{"rendered":"https:https:\/\/latinor.com\/\/?post_type=product&#038;p=3499"},"modified":"2022-12-16T20:12:49","modified_gmt":"2022-12-16T20:12:49","slug":"aditivos","status":"publish","type":"product","link":"https:\/\/www.latinor.com\/es\/product\/aditivos\/","title":{"rendered":"ADITIVOS"},"content":{"rendered":"\n<h2 class=\"wp-block-heading\">ADITIVOS<\/h2>\n\n\n\n<div class=\"wp-block-group is-vertical is-layout-flex wp-container-core-group-is-layout-8cf370e7 wp-block-group-is-layout-flex\">\n<p><strong>Peletizado; Antiblock, Slip, UV, Ayuda Proceso, Antiest\u00e1tico &amp; Desecante <\/strong><\/p>\n\n\n\n<ul class=\"wp-block-list\">\n<li>Antiblock\n<ul class=\"wp-block-list\">\n<li>Aplicaciones: Bolsas, <span class=\"Y2IQFc\" lang=\"es\">Pel\u00edculas<\/span><\/li>\n\n\n\n<li>Usos: Reduce la adherencia entre dos superficies<\/li>\n<\/ul>\n<\/li>\n\n\n\n<li>Slip\n<ul class=\"wp-block-list\">\n<li>Aplicaciones: Bolsas, <span class=\"Y2IQFc\" lang=\"es\">Pel\u00edculas<\/span><\/li>\n\n\n\n<li>Usos: permite que dos superficies se deslicen m\u00e1s suavemente<\/li>\n<\/ul>\n<\/li>\n\n\n\n<li>UV\n<ul class=\"wp-block-list\">\n<li><span class=\"Y2IQFc\" lang=\"es\">Aplicaciones: Mulch, Pel\u00edculas, Invernaderos, Pel\u00edculas de Cubierta, Pel\u00edculas para Sombra<\/span><\/li>\n\n\n\n<li>Usos: Protege al pol\u00edmero de la degradaci\u00f3n causada por la luz ultravioleta o por la exposici\u00f3n a la luz del Sol.<\/li>\n<\/ul>\n<\/li>\n\n\n\n<li>Ayuda Proceso\n<ul class=\"wp-block-list\">\n<li>Aplicaciones: Productos de pl\u00e1sticos extruido<\/li>\n\n\n\n<li>Usos: Mejora la procesabilidad de la fusi\u00f3n<\/li>\n<\/ul>\n<\/li>\n\n\n\n<li>Antiest\u00e1tico\n<ul class=\"wp-block-list\">\n<li>Aplicaciones: Productos de pl\u00e1sticos extruido<\/li>\n\n\n\n<li>Usos: Evita la acumulaci\u00f3n de carga est\u00e1tica en superficies<\/li>\n<\/ul>\n<\/li>\n\n\n\n<li>Desecante\n<ul class=\"wp-block-list\">\n<li>Aplicaciones: Bolsas, <span class=\"Y2IQFc\" lang=\"es\">Pel\u00edculas<\/span>, otros Productos Pl\u00e1sticos<\/li>\n\n\n\n<li>Usos: Elimina la humedad, soluciona y evita problemas que puedan surgir en producci\u00f3n<\/li>\n<\/ul>\n<\/li>\n\n\n\n<li>Otros Aditivos: Antioxidante, Abrillantador \u00d3ptico<\/li>\n<\/ul>\n\n\n\n<div style=\"height:100px\" aria-hidden=\"true\" class=\"wp-block-spacer\"><\/div>\n\n\n\n<div style=\"height:100px\" aria-hidden=\"true\" class=\"wp-block-spacer\"><\/div>\n<\/div>\n","protected":false},"excerpt":{"rendered":"<p>ADITIVOS Peletizado; Antiblock, Slip, UV, Ayuda Proceso, Antiest\u00e1tico &amp; Desecante<\/p>\n","protected":false},"author":1,"featured_media":4187,"comment_status":"closed","ping_status":"closed","template":"","meta":{"_acf_changed":false,"footnotes":""},"product_category":[],"class_list":["post-3499","product","type-product","status-publish","has-post-thumbnail","hentry"],"acf":[],"_links":{"self":[{"href":"https:\/\/www.latinor.com\/es\/wp-json\/wp\/v2\/product\/3499","targetHints":{"allow":["GET"]}}],"collection":[{"href":"https:\/\/www.latinor.com\/es\/wp-json\/wp\/v2\/product"}],"about":[{"href":"https:\/\/www.latinor.com\/es\/wp-json\/wp\/v2\/types\/product"}],"author":[{"embeddable":true,"href":"https:\/\/www.latinor.com\/es\/wp-json\/wp\/v2\/users\/1"}],"replies":[{"embeddable":true,"href":"https:\/\/www.latinor.com\/es\/wp-json\/wp\/v2\/comments?post=3499"}],"version-history":[{"count":9,"href":"https:\/\/www.latinor.com\/es\/wp-json\/wp\/v2\/product\/3499\/revisions"}],"predecessor-version":[{"id":5829,"href":"https:\/\/www.latinor.com\/es\/wp-json\/wp\/v2\/product\/3499\/revisions\/5829"}],"wp:featuredmedia":[{"embeddable":true,"href":"https:\/\/www.latinor.com\/es\/wp-json\/wp\/v2\/media\/4187"}],"wp:attachment":[{"href":"https:\/\/www.latinor.com\/es\/wp-json\/wp\/v2\/media?parent=3499"}],"wp:term":[{"taxonomy":"product_category","embeddable":true,"href":"https:\/\/www.latinor.com\/es\/wp-json\/wp\/v2\/product_category?post=3499"}],"curies":[{"name":"wp","href":"https:\/\/api.w.org\/{rel}","templated":true}]}}