{"id":3503,"date":"2022-06-15T15:33:40","date_gmt":"2022-06-15T15:33:40","guid":{"rendered":"https:https:\/\/latinor.com\/\/?post_type=product&#038;p=3503"},"modified":"2022-12-16T18:40:37","modified_gmt":"2022-12-16T18:40:37","slug":"dioxido-de-titanio","status":"publish","type":"product","link":"https:\/\/www.latinor.com\/es\/product\/dioxido-de-titanio\/","title":{"rendered":"DI\u00d3XIDO DE TITANIO"},"content":{"rendered":"\n<h2 class=\"wp-block-heading\">DI\u00d3XIDO DE TITANIO<\/h2>\n\n\n\n<p><strong>En Polvo<\/strong>; <strong>Proceso Cloruro &amp; Proceso Sulfato<br><\/strong>Aplicaciones: Pigmentaci\u00f3n de Tuber\u00edas, Perfiles y Accesorios tanto para <\/p>\n\n\n\n<p>colorear como para mejorar las propiedades a la intemperie<\/p>\n\n\n\n<div style=\"height:140px\" aria-hidden=\"true\" class=\"wp-block-spacer\"><\/div>\n","protected":false},"excerpt":{"rendered":"<p>DI\u00d3XIDO DE TITANIO En Polvo; Proceso Cloruro &amp; Proceso SulfatoAplicaciones: Pigmentaci\u00f3n de Tuber\u00edas, Perfiles y Accesorios tanto para colorear como para mejorar las propiedades a la intemperie<\/p>\n","protected":false},"author":1,"featured_media":4134,"comment_status":"open","ping_status":"closed","template":"","meta":{"_acf_changed":false,"footnotes":""},"product_category":[],"class_list":["post-3503","product","type-product","status-publish","has-post-thumbnail","hentry"],"acf":[],"_links":{"self":[{"href":"https:\/\/www.latinor.com\/es\/wp-json\/wp\/v2\/product\/3503","targetHints":{"allow":["GET"]}}],"collection":[{"href":"https:\/\/www.latinor.com\/es\/wp-json\/wp\/v2\/product"}],"about":[{"href":"https:\/\/www.latinor.com\/es\/wp-json\/wp\/v2\/types\/product"}],"author":[{"embeddable":true,"href":"https:\/\/www.latinor.com\/es\/wp-json\/wp\/v2\/users\/1"}],"replies":[{"embeddable":true,"href":"https:\/\/www.latinor.com\/es\/wp-json\/wp\/v2\/comments?post=3503"}],"version-history":[{"count":5,"href":"https:\/\/www.latinor.com\/es\/wp-json\/wp\/v2\/product\/3503\/revisions"}],"predecessor-version":[{"id":5783,"href":"https:\/\/www.latinor.com\/es\/wp-json\/wp\/v2\/product\/3503\/revisions\/5783"}],"wp:featuredmedia":[{"embeddable":true,"href":"https:\/\/www.latinor.com\/es\/wp-json\/wp\/v2\/media\/4134"}],"wp:attachment":[{"href":"https:\/\/www.latinor.com\/es\/wp-json\/wp\/v2\/media?parent=3503"}],"wp:term":[{"taxonomy":"product_category","embeddable":true,"href":"https:\/\/www.latinor.com\/es\/wp-json\/wp\/v2\/product_category?post=3503"}],"curies":[{"name":"wp","href":"https:\/\/api.w.org\/{rel}","templated":true}]}}