{"id":3508,"date":"2022-06-15T15:36:35","date_gmt":"2022-06-15T15:36:35","guid":{"rendered":"https:https:\/\/latinor.com\/\/?post_type=product&#038;p=3508"},"modified":"2023-03-27T14:58:48","modified_gmt":"2023-03-27T14:58:48","slug":"masterbatches","status":"publish","type":"product","link":"https:\/\/www.latinor.com\/es\/product\/masterbatches\/","title":{"rendered":"MASTERBATCHES"},"content":{"rendered":"\n<h2 class=\"wp-block-heading\">MASTERBATCHES<\/h2>\n\n\n\n<div class=\"wp-block-group is-vertical is-layout-flex wp-container-core-group-is-layout-8cf370e7 wp-block-group-is-layout-flex\">\n<p><strong>Blanco, Negro y Colores<\/strong><br>Aplicaciones: Pel\u00edcula, Inyecci\u00f3n, Soplado, Raffia, <\/p>\n\n\n\n<p>Agr\u00edcola y Extrusi\u00f3n.<\/p>\n<\/div>\n\n\n\n<div style=\"height:159px\" aria-hidden=\"true\" class=\"wp-block-spacer\"><\/div>\n","protected":false},"excerpt":{"rendered":"<p>MASTERBATCHES Blanco, Negro y ColoresAplicaciones: Pel\u00edcula, Inyecci\u00f3n, Soplado, Raffia, Agr\u00edcola y Extrusi\u00f3n.<\/p>\n","protected":false},"author":1,"featured_media":4187,"comment_status":"open","ping_status":"closed","template":"","meta":{"_acf_changed":false,"footnotes":""},"product_category":[],"class_list":["post-3508","product","type-product","status-publish","has-post-thumbnail","hentry"],"acf":[],"_links":{"self":[{"href":"https:\/\/www.latinor.com\/es\/wp-json\/wp\/v2\/product\/3508","targetHints":{"allow":["GET"]}}],"collection":[{"href":"https:\/\/www.latinor.com\/es\/wp-json\/wp\/v2\/product"}],"about":[{"href":"https:\/\/www.latinor.com\/es\/wp-json\/wp\/v2\/types\/product"}],"author":[{"embeddable":true,"href":"https:\/\/www.latinor.com\/es\/wp-json\/wp\/v2\/users\/1"}],"replies":[{"embeddable":true,"href":"https:\/\/www.latinor.com\/es\/wp-json\/wp\/v2\/comments?post=3508"}],"version-history":[{"count":5,"href":"https:\/\/www.latinor.com\/es\/wp-json\/wp\/v2\/product\/3508\/revisions"}],"predecessor-version":[{"id":6626,"href":"https:\/\/www.latinor.com\/es\/wp-json\/wp\/v2\/product\/3508\/revisions\/6626"}],"wp:featuredmedia":[{"embeddable":true,"href":"https:\/\/www.latinor.com\/es\/wp-json\/wp\/v2\/media\/4187"}],"wp:attachment":[{"href":"https:\/\/www.latinor.com\/es\/wp-json\/wp\/v2\/media?parent=3508"}],"wp:term":[{"taxonomy":"product_category","embeddable":true,"href":"https:\/\/www.latinor.com\/es\/wp-json\/wp\/v2\/product_category?post=3508"}],"curies":[{"name":"wp","href":"https:\/\/api.w.org\/{rel}","templated":true}]}}