{"id":3975,"date":"2022-08-25T19:13:07","date_gmt":"2022-08-25T19:13:07","guid":{"rendered":"https:\/\/latinor.com\/?post_type=product&#038;p=3975"},"modified":"2022-11-18T17:02:32","modified_gmt":"2022-11-18T17:02:32","slug":"paquete","status":"publish","type":"product","link":"https:\/\/www.latinor.com\/es\/product\/paquete\/","title":{"rendered":"PAQUETE"},"content":{"rendered":"\n<h2 class=\"wp-block-heading\">PAQUETE<\/h2>\n\n\n\n<div class=\"wp-block-group is-vertical is-layout-flex wp-container-core-group-is-layout-8cf370e7 wp-block-group-is-layout-flex\">\n<p><strong>Peletizado<\/strong><\/p>\n\n\n\n<div class=\"wp-block-group is-vertical is-layout-flex wp-container-core-group-is-layout-8cf370e7 wp-block-group-is-layout-flex\">\n<p>Aplicaciones: Act\u00faa como sistema lubricante y estabilizador para <\/p>\n\n\n\n<p>Extrusi\u00f3n de PVC, anulando en la mayor\u00eda de los casos,  la necesidad <\/p>\n\n\n\n<p>de agregar aditivos independientes o adicionales a la mezcla.<\/p>\n<\/div>\n\n\n\n<div style=\"height:137px\" aria-hidden=\"true\" class=\"wp-block-spacer\"><\/div>\n<\/div>\n","protected":false},"excerpt":{"rendered":"<p>PAQUETE Peletizado Aplicaciones: Act\u00faa como sistema lubricante y estabilizador para Extrusi\u00f3n de PVC, anulando en la mayor\u00eda de los casos, la necesidad de agregar aditivos independientes o adicionales a la mezcla.<\/p>\n","protected":false},"author":1,"featured_media":4134,"comment_status":"open","ping_status":"closed","template":"","meta":{"_acf_changed":false,"footnotes":""},"product_category":[],"class_list":["post-3975","product","type-product","status-publish","has-post-thumbnail","hentry"],"acf":[],"_links":{"self":[{"href":"https:\/\/www.latinor.com\/es\/wp-json\/wp\/v2\/product\/3975","targetHints":{"allow":["GET"]}}],"collection":[{"href":"https:\/\/www.latinor.com\/es\/wp-json\/wp\/v2\/product"}],"about":[{"href":"https:\/\/www.latinor.com\/es\/wp-json\/wp\/v2\/types\/product"}],"author":[{"embeddable":true,"href":"https:\/\/www.latinor.com\/es\/wp-json\/wp\/v2\/users\/1"}],"replies":[{"embeddable":true,"href":"https:\/\/www.latinor.com\/es\/wp-json\/wp\/v2\/comments?post=3975"}],"version-history":[{"count":4,"href":"https:\/\/www.latinor.com\/es\/wp-json\/wp\/v2\/product\/3975\/revisions"}],"predecessor-version":[{"id":5358,"href":"https:\/\/www.latinor.com\/es\/wp-json\/wp\/v2\/product\/3975\/revisions\/5358"}],"wp:featuredmedia":[{"embeddable":true,"href":"https:\/\/www.latinor.com\/es\/wp-json\/wp\/v2\/media\/4134"}],"wp:attachment":[{"href":"https:\/\/www.latinor.com\/es\/wp-json\/wp\/v2\/media?parent=3975"}],"wp:term":[{"taxonomy":"product_category","embeddable":true,"href":"https:\/\/www.latinor.com\/es\/wp-json\/wp\/v2\/product_category?post=3975"}],"curies":[{"name":"wp","href":"https:\/\/api.w.org\/{rel}","templated":true}]}}