{"id":3978,"date":"2022-08-25T19:16:30","date_gmt":"2022-08-25T19:16:30","guid":{"rendered":"https:\/\/latinor.com\/?post_type=product&#038;p=3978"},"modified":"2022-12-16T17:39:09","modified_gmt":"2022-12-16T17:39:09","slug":"celulosas","status":"publish","type":"product","link":"https:\/\/www.latinor.com\/es\/product\/celulosas\/","title":{"rendered":"CELULOSAS"},"content":{"rendered":"\n<h2 class=\"wp-block-heading\">CELULOSAS<\/h2>\n\n\n\n<div class=\"wp-block-group is-vertical is-layout-flex wp-container-core-group-is-layout-8cf370e7 wp-block-group-is-layout-flex\">\n<p><strong>En Polvo<\/strong>; <strong>HEMC, HPMC, HEC &amp; CMC<\/strong><\/p>\n\n\n\n<p>Aplicaciones: Dise\u00f1ado para mejorar la calidad y las caracter\u00edsticas de procesamiento en materiales de construcci\u00f3n como adhesivos para baldosas, morteros de mezcla seca, yesos, cer\u00e1micas, etc. Facilita el  manejo de dichos productos, y mejora la retenci\u00f3n de agua, el tiempo de apertura, la resistencia al deslizamiento, la resistencia al impacto, la adherencia y la resistencia al corte de los mismos.<\/p>\n\n\n\n<ul class=\"wp-block-list\">\n<li>HYDROXIETIL METIL CELULOSA (HEMC)<\/li>\n\n\n\n<li>HYDROPROPIL METIL CELULOSA (HMPC)<\/li>\n\n\n\n<li>HYDROXIETIL CELULOSA (HEC)<\/li>\n\n\n\n<li>CARBOXIMETIL CELULOSA (CMC)<\/li>\n<\/ul>\n\n\n\n<div style=\"height:110px\" aria-hidden=\"true\" class=\"wp-block-spacer\"><\/div>\n<\/div>\n","protected":false},"excerpt":{"rendered":"<p>CELULOSAS En Polvo; HEMC, HPMC, HEC &amp; CMC Aplicaciones: Dise\u00f1ado para mejorar la calidad y las caracter\u00edsticas de procesamiento en materiales de construcci\u00f3n como adhesivos para baldosas, morteros de mezcla seca, yesos, cer\u00e1micas, etc. Facilita el manejo de dichos productos, y mejora la retenci\u00f3n de agua, el tiempo de apertura, la resistencia al deslizamiento, la [&hellip;]<\/p>\n","protected":false},"author":1,"featured_media":4129,"comment_status":"open","ping_status":"closed","template":"","meta":{"_acf_changed":false,"footnotes":""},"product_category":[],"class_list":["post-3978","product","type-product","status-publish","has-post-thumbnail","hentry"],"acf":[],"_links":{"self":[{"href":"https:\/\/www.latinor.com\/es\/wp-json\/wp\/v2\/product\/3978","targetHints":{"allow":["GET"]}}],"collection":[{"href":"https:\/\/www.latinor.com\/es\/wp-json\/wp\/v2\/product"}],"about":[{"href":"https:\/\/www.latinor.com\/es\/wp-json\/wp\/v2\/types\/product"}],"author":[{"embeddable":true,"href":"https:\/\/www.latinor.com\/es\/wp-json\/wp\/v2\/users\/1"}],"replies":[{"embeddable":true,"href":"https:\/\/www.latinor.com\/es\/wp-json\/wp\/v2\/comments?post=3978"}],"version-history":[{"count":4,"href":"https:\/\/www.latinor.com\/es\/wp-json\/wp\/v2\/product\/3978\/revisions"}],"predecessor-version":[{"id":5755,"href":"https:\/\/www.latinor.com\/es\/wp-json\/wp\/v2\/product\/3978\/revisions\/5755"}],"wp:featuredmedia":[{"embeddable":true,"href":"https:\/\/www.latinor.com\/es\/wp-json\/wp\/v2\/media\/4129"}],"wp:attachment":[{"href":"https:\/\/www.latinor.com\/es\/wp-json\/wp\/v2\/media?parent=3978"}],"wp:term":[{"taxonomy":"product_category","embeddable":true,"href":"https:\/\/www.latinor.com\/es\/wp-json\/wp\/v2\/product_category?post=3978"}],"curies":[{"name":"wp","href":"https:\/\/api.w.org\/{rel}","templated":true}]}}