{"id":3982,"date":"2022-08-26T15:33:56","date_gmt":"2022-08-26T15:33:56","guid":{"rendered":"https:\/\/latinor.com\/?post_type=product&#038;p=3982"},"modified":"2022-12-14T21:40:59","modified_gmt":"2022-12-14T21:40:59","slug":"alcohol-polivinilico-pva","status":"publish","type":"product","link":"https:\/\/www.latinor.com\/es\/product\/alcohol-polivinilico-pva\/","title":{"rendered":"ALCOHOL POLIVINILICO (PVA)"},"content":{"rendered":"\n<h2 class=\"wp-block-heading\">ALCOHOL POLIVINILICO (PVA)<\/h2>\n\n\n\n<div class=\"wp-block-group is-vertical is-layout-flex wp-container-core-group-is-layout-8cf370e7 wp-block-group-is-layout-flex\">\n<p><strong>Gr\u00e1nulos, Polvo, Flakes; Viscosidades Est\u00e1ndares o Por Encargo<\/strong> <\/p>\n\n\n\n<p>Aplicaciones: Adhesivos, Polimerizaci\u00f3n en Emulsiones, Pel\u00edculas Solubles, <\/p>\n\n\n\n<p>Encolado de Textiles, Agentes Fitosanitarios<\/p>\n<\/div>\n\n\n\n<div style=\"height:135px\" aria-hidden=\"true\" class=\"wp-block-spacer\"><\/div>\n","protected":false},"excerpt":{"rendered":"<p>ALCOHOL POLIVINILICO (PVA) Gr\u00e1nulos, Polvo, Flakes; Viscosidades Est\u00e1ndares o Por Encargo Aplicaciones: Adhesivos, Polimerizaci\u00f3n en Emulsiones, Pel\u00edculas Solubles, Encolado de Textiles, Agentes Fitosanitarios<\/p>\n","protected":false},"author":1,"featured_media":4366,"comment_status":"open","ping_status":"closed","template":"","meta":{"_acf_changed":false,"footnotes":""},"product_category":[],"class_list":["post-3982","product","type-product","status-publish","has-post-thumbnail","hentry"],"acf":[],"_links":{"self":[{"href":"https:\/\/www.latinor.com\/es\/wp-json\/wp\/v2\/product\/3982","targetHints":{"allow":["GET"]}}],"collection":[{"href":"https:\/\/www.latinor.com\/es\/wp-json\/wp\/v2\/product"}],"about":[{"href":"https:\/\/www.latinor.com\/es\/wp-json\/wp\/v2\/types\/product"}],"author":[{"embeddable":true,"href":"https:\/\/www.latinor.com\/es\/wp-json\/wp\/v2\/users\/1"}],"replies":[{"embeddable":true,"href":"https:\/\/www.latinor.com\/es\/wp-json\/wp\/v2\/comments?post=3982"}],"version-history":[{"count":9,"href":"https:\/\/www.latinor.com\/es\/wp-json\/wp\/v2\/product\/3982\/revisions"}],"predecessor-version":[{"id":5659,"href":"https:\/\/www.latinor.com\/es\/wp-json\/wp\/v2\/product\/3982\/revisions\/5659"}],"wp:featuredmedia":[{"embeddable":true,"href":"https:\/\/www.latinor.com\/es\/wp-json\/wp\/v2\/media\/4366"}],"wp:attachment":[{"href":"https:\/\/www.latinor.com\/es\/wp-json\/wp\/v2\/media?parent=3982"}],"wp:term":[{"taxonomy":"product_category","embeddable":true,"href":"https:\/\/www.latinor.com\/es\/wp-json\/wp\/v2\/product_category?post=3982"}],"curies":[{"name":"wp","href":"https:\/\/api.w.org\/{rel}","templated":true}]}}