{"id":4018,"date":"2022-08-26T16:18:18","date_gmt":"2022-08-26T16:18:18","guid":{"rendered":"https:\/\/latinor.com\/?post_type=product&#038;p=4018"},"modified":"2022-11-17T18:41:48","modified_gmt":"2022-11-17T18:41:48","slug":"pigmentos","status":"publish","type":"product","link":"https:\/\/www.latinor.com\/es\/product\/pigmentos\/","title":{"rendered":"PIGMENTOS"},"content":{"rendered":"\n<h2 class=\"wp-block-heading\">PIGMENTOS<\/h2>\n\n\n\n<div class=\"wp-block-group is-vertical is-layout-flex wp-container-core-group-is-layout-8cf370e7 wp-block-group-is-layout-flex\">\n<p><strong>Microesferas Encapsuladas de Flujo Libre<\/strong><\/p>\n\n\n\n<p>Aplicaciones: PVC, Tuber\u00eda, Cercas, Inyecci\u00f3n, Extrusi\u00f3n<\/p>\n<\/div>\n\n\n\n<div style=\"height:211px\" aria-hidden=\"true\" class=\"wp-block-spacer\"><\/div>\n","protected":false},"excerpt":{"rendered":"<p>PIGMENTOS Microesferas Encapsuladas de Flujo Libre Aplicaciones: PVC, Tuber\u00eda, Cercas, Inyecci\u00f3n, Extrusi\u00f3n<\/p>\n","protected":false},"author":1,"featured_media":4134,"comment_status":"open","ping_status":"closed","template":"","meta":{"_acf_changed":false,"footnotes":""},"product_category":[],"class_list":["post-4018","product","type-product","status-publish","has-post-thumbnail","hentry"],"acf":[],"_links":{"self":[{"href":"https:\/\/www.latinor.com\/es\/wp-json\/wp\/v2\/product\/4018","targetHints":{"allow":["GET"]}}],"collection":[{"href":"https:\/\/www.latinor.com\/es\/wp-json\/wp\/v2\/product"}],"about":[{"href":"https:\/\/www.latinor.com\/es\/wp-json\/wp\/v2\/types\/product"}],"author":[{"embeddable":true,"href":"https:\/\/www.latinor.com\/es\/wp-json\/wp\/v2\/users\/1"}],"replies":[{"embeddable":true,"href":"https:\/\/www.latinor.com\/es\/wp-json\/wp\/v2\/comments?post=4018"}],"version-history":[{"count":5,"href":"https:\/\/www.latinor.com\/es\/wp-json\/wp\/v2\/product\/4018\/revisions"}],"predecessor-version":[{"id":5352,"href":"https:\/\/www.latinor.com\/es\/wp-json\/wp\/v2\/product\/4018\/revisions\/5352"}],"wp:featuredmedia":[{"embeddable":true,"href":"https:\/\/www.latinor.com\/es\/wp-json\/wp\/v2\/media\/4134"}],"wp:attachment":[{"href":"https:\/\/www.latinor.com\/es\/wp-json\/wp\/v2\/media?parent=4018"}],"wp:term":[{"taxonomy":"product_category","embeddable":true,"href":"https:\/\/www.latinor.com\/es\/wp-json\/wp\/v2\/product_category?post=4018"}],"curies":[{"name":"wp","href":"https:\/\/api.w.org\/{rel}","templated":true}]}}