{"id":4022,"date":"2022-08-26T16:19:13","date_gmt":"2022-08-26T16:19:13","guid":{"rendered":"https:\/\/latinor.com\/?post_type=product&#038;p=4022"},"modified":"2022-12-26T16:14:33","modified_gmt":"2022-12-26T16:14:33","slug":"ceras","status":"publish","type":"product","link":"https:\/\/www.latinor.com\/es\/product\/ceras\/","title":{"rendered":"CERAS"},"content":{"rendered":"\n<h2 class=\"wp-block-heading\">CERAS<\/h2>\n\n\n\n<ul class=\"wp-block-list\">\n<li><strong>CERA FISCHER-TROPSCH<\/strong><\/li>\n\n\n\n<li><strong>CERA de PE OXIDADA<\/strong><\/li>\n\n\n\n<li><strong>CERA PVC<\/strong><\/li>\n\n\n\n<li><strong>CERA 165 GRADOS<\/strong><\/li>\n<\/ul>\n\n\n\n<p>Aplicaciones: Lubricaci\u00f3n externa de compuestos de PVC para <\/p>\n\n\n\n<p>conferir el equilibrio \u00f3ptimo en la mezcla y as\u00ed proporcionar <\/p>\n\n\n\n<p>liberaci\u00f3n de metales, al igual que ayudar a reducir la temperatura<\/p>\n\n\n\n<p>del proceso<\/p>\n","protected":false},"excerpt":{"rendered":"<p>CERAS Aplicaciones: Lubricaci\u00f3n externa de compuestos de PVC para conferir el equilibrio \u00f3ptimo en la mezcla y as\u00ed proporcionar liberaci\u00f3n de metales, al igual que ayudar a reducir la temperatura del proceso<\/p>\n","protected":false},"author":1,"featured_media":4134,"comment_status":"open","ping_status":"closed","template":"","meta":{"_acf_changed":false,"footnotes":""},"product_category":[],"class_list":["post-4022","product","type-product","status-publish","has-post-thumbnail","hentry"],"acf":[],"_links":{"self":[{"href":"https:\/\/www.latinor.com\/es\/wp-json\/wp\/v2\/product\/4022","targetHints":{"allow":["GET"]}}],"collection":[{"href":"https:\/\/www.latinor.com\/es\/wp-json\/wp\/v2\/product"}],"about":[{"href":"https:\/\/www.latinor.com\/es\/wp-json\/wp\/v2\/types\/product"}],"author":[{"embeddable":true,"href":"https:\/\/www.latinor.com\/es\/wp-json\/wp\/v2\/users\/1"}],"replies":[{"embeddable":true,"href":"https:\/\/www.latinor.com\/es\/wp-json\/wp\/v2\/comments?post=4022"}],"version-history":[{"count":4,"href":"https:\/\/www.latinor.com\/es\/wp-json\/wp\/v2\/product\/4022\/revisions"}],"predecessor-version":[{"id":5843,"href":"https:\/\/www.latinor.com\/es\/wp-json\/wp\/v2\/product\/4022\/revisions\/5843"}],"wp:featuredmedia":[{"embeddable":true,"href":"https:\/\/www.latinor.com\/es\/wp-json\/wp\/v2\/media\/4134"}],"wp:attachment":[{"href":"https:\/\/www.latinor.com\/es\/wp-json\/wp\/v2\/media?parent=4022"}],"wp:term":[{"taxonomy":"product_category","embeddable":true,"href":"https:\/\/www.latinor.com\/es\/wp-json\/wp\/v2\/product_category?post=4022"}],"curies":[{"name":"wp","href":"https:\/\/api.w.org\/{rel}","templated":true}]}}