{"id":4079,"date":"2022-08-30T17:45:57","date_gmt":"2022-08-30T17:45:57","guid":{"rendered":"https:\/\/latinor.com\/?post_type=product&#038;p=4079"},"modified":"2022-12-16T19:34:38","modified_gmt":"2022-12-16T19:34:38","slug":"bentonita","status":"publish","type":"product","link":"https:\/\/www.latinor.com\/es\/product\/bentonita\/","title":{"rendered":"BENTONITA BAROID<sup>\u00ae<\/sup>"},"content":{"rendered":"\n<h2 class=\"wp-block-heading\">BENTONITA BAROID<sup>\u00ae<\/sup><\/h2>\n\n\n\n<div class=\"wp-block-group is-vertical is-layout-flex wp-container-core-group-is-layout-8cf370e7 wp-block-group-is-layout-flex\">\n<p><strong>Gr\u00e1nulos, Polvo; Bentonita S\u00f3dica<\/strong><\/p>\n\n\n\n<p><strong><span style=\"text-decoration: underline;\"><a href=\"https:\/\/www.baroididp.com\/en\/products\/quik-gel\">QUIK-GEL<sup>\u00ae<\/sup><\/a><\/span><\/strong><\/p>\n\n\n\n<p><strong><a href=\"https:\/\/www.baroididp.com\/en\/products-applications\/full-product-list\"><span style=\"text-decoration: underline;\">LISTA COMPLETA DE PRODUCTOS<\/span><\/a><\/strong><\/p>\n\n\n\n<p>Aplicaciones: Sellador de Estanques, Perforaci\u00f3n de Pozos de Agua, <\/p>\n\n\n\n<p>Perforaci\u00f3n Petrolera, y otros tipos de Perforaci\u00f3n<\/p>\n\n\n\n<p><\/p>\n\n\n\n<p><strong><span style=\"text-decoration: underline;\"><\/span><\/strong><\/p>\n\n\n\n<div style=\"height:144px\" aria-hidden=\"true\" class=\"wp-block-spacer\"><\/div>\n<\/div>\n","protected":false},"excerpt":{"rendered":"<p>BENTONITA BAROID\u00ae Gr\u00e1nulos, Polvo; Bentonita S\u00f3dica QUIK-GEL\u00ae LISTA COMPLETA DE PRODUCTOS Aplicaciones: Sellador de Estanques, Perforaci\u00f3n de Pozos de Agua, Perforaci\u00f3n Petrolera, y otros tipos de Perforaci\u00f3n<\/p>\n","protected":false},"author":1,"featured_media":5803,"comment_status":"open","ping_status":"closed","template":"","meta":{"_acf_changed":false,"footnotes":""},"product_category":[],"class_list":["post-4079","product","type-product","status-publish","has-post-thumbnail","hentry"],"acf":[],"_links":{"self":[{"href":"https:\/\/www.latinor.com\/es\/wp-json\/wp\/v2\/product\/4079","targetHints":{"allow":["GET"]}}],"collection":[{"href":"https:\/\/www.latinor.com\/es\/wp-json\/wp\/v2\/product"}],"about":[{"href":"https:\/\/www.latinor.com\/es\/wp-json\/wp\/v2\/types\/product"}],"author":[{"embeddable":true,"href":"https:\/\/www.latinor.com\/es\/wp-json\/wp\/v2\/users\/1"}],"replies":[{"embeddable":true,"href":"https:\/\/www.latinor.com\/es\/wp-json\/wp\/v2\/comments?post=4079"}],"version-history":[{"count":12,"href":"https:\/\/www.latinor.com\/es\/wp-json\/wp\/v2\/product\/4079\/revisions"}],"predecessor-version":[{"id":5800,"href":"https:\/\/www.latinor.com\/es\/wp-json\/wp\/v2\/product\/4079\/revisions\/5800"}],"wp:featuredmedia":[{"embeddable":true,"href":"https:\/\/www.latinor.com\/es\/wp-json\/wp\/v2\/media\/5803"}],"wp:attachment":[{"href":"https:\/\/www.latinor.com\/es\/wp-json\/wp\/v2\/media?parent=4079"}],"wp:term":[{"taxonomy":"product_category","embeddable":true,"href":"https:\/\/www.latinor.com\/es\/wp-json\/wp\/v2\/product_category?post=4079"}],"curies":[{"name":"wp","href":"https:\/\/api.w.org\/{rel}","templated":true}]}}