{"id":4454,"date":"2022-09-22T16:19:59","date_gmt":"2022-09-22T16:19:59","guid":{"rendered":"https:\/\/latinor.com\/?post_type=product&#038;p=4454"},"modified":"2022-12-16T18:38:22","modified_gmt":"2022-12-16T18:38:22","slug":"dioxido-de-titanio-3","status":"publish","type":"product","link":"https:\/\/www.latinor.com\/es\/product\/dioxido-de-titanio-3\/","title":{"rendered":"DI\u00d3XIDO DE TITANIO"},"content":{"rendered":"\n<h2 class=\"wp-block-heading\">DI\u00d3XIDO DE TITANIO<\/h2>\n\n\n\n<div class=\"wp-block-group is-vertical is-layout-flex wp-container-core-group-is-layout-8cf370e7 wp-block-group-is-layout-flex\">\n<p><strong>En Polvo; Proceso Cloruro &amp; Proceso Sulfato<\/strong><\/p>\n\n\n\n<p>Aplicaciones: Pigmentaci\u00f3n blanca para pel\u00edculas extruidas y en <\/p>\n\n\n\n<p>art\u00edculos moldeados por inyecci\u00f3n<\/p>\n<\/div>\n\n\n\n<div style=\"height:165px\" aria-hidden=\"true\" class=\"wp-block-spacer\"><\/div>\n","protected":false},"excerpt":{"rendered":"<p>DI\u00d3XIDO DE TITANIO En Polvo; Proceso Cloruro &amp; Proceso Sulfato Aplicaciones: Pigmentaci\u00f3n blanca para pel\u00edculas extruidas y en art\u00edculos moldeados por inyecci\u00f3n<\/p>\n","protected":false},"author":1,"featured_media":4187,"comment_status":"open","ping_status":"closed","template":"","meta":{"_acf_changed":false,"footnotes":""},"product_category":[],"class_list":["post-4454","product","type-product","status-publish","has-post-thumbnail","hentry"],"acf":[],"_links":{"self":[{"href":"https:\/\/www.latinor.com\/es\/wp-json\/wp\/v2\/product\/4454","targetHints":{"allow":["GET"]}}],"collection":[{"href":"https:\/\/www.latinor.com\/es\/wp-json\/wp\/v2\/product"}],"about":[{"href":"https:\/\/www.latinor.com\/es\/wp-json\/wp\/v2\/types\/product"}],"author":[{"embeddable":true,"href":"https:\/\/www.latinor.com\/es\/wp-json\/wp\/v2\/users\/1"}],"replies":[{"embeddable":true,"href":"https:\/\/www.latinor.com\/es\/wp-json\/wp\/v2\/comments?post=4454"}],"version-history":[{"count":4,"href":"https:\/\/www.latinor.com\/es\/wp-json\/wp\/v2\/product\/4454\/revisions"}],"predecessor-version":[{"id":5780,"href":"https:\/\/www.latinor.com\/es\/wp-json\/wp\/v2\/product\/4454\/revisions\/5780"}],"wp:featuredmedia":[{"embeddable":true,"href":"https:\/\/www.latinor.com\/es\/wp-json\/wp\/v2\/media\/4187"}],"wp:attachment":[{"href":"https:\/\/www.latinor.com\/es\/wp-json\/wp\/v2\/media?parent=4454"}],"wp:term":[{"taxonomy":"product_category","embeddable":true,"href":"https:\/\/www.latinor.com\/es\/wp-json\/wp\/v2\/product_category?post=4454"}],"curies":[{"name":"wp","href":"https:\/\/api.w.org\/{rel}","templated":true}]}}