{"id":5539,"date":"2022-12-12T19:52:13","date_gmt":"2022-12-12T19:52:13","guid":{"rendered":"https:\/\/latinor.com\/?post_type=product&#038;p=5539"},"modified":"2022-12-16T17:18:39","modified_gmt":"2022-12-16T17:18:39","slug":"vinyl-acetate-ethylene-copolymers-vae","status":"publish","type":"product","link":"https:\/\/www.latinor.com\/es\/product\/vinyl-acetate-ethylene-copolymers-vae\/","title":{"rendered":"EMULSIONES DE ACETATO DE VINILO DE ETILENO (VAE)"},"content":{"rendered":"\n<h2 class=\"wp-block-heading\">EMULSIONES DE ACETATO DE VINILO DE ETILENO (VAE)<\/h2>\n\n\n\n<p><strong>Emulsi\u00f3n L\u00edquida<\/strong> <strong>Viscosa<\/strong> <\/p>\n\n\n\n<p>Aplicaciones: Adhesivos a base de agua de alta calidad <\/p>\n\n\n\n<p>para cajas y n\u00facleos de cart\u00f3n<\/p>\n\n\n\n<div style=\"height:195px\" aria-hidden=\"true\" class=\"wp-block-spacer\"><\/div>\n","protected":false},"excerpt":{"rendered":"<p>EMULSIONES DE ACETATO DE VINILO DE ETILENO (VAE) Emulsi\u00f3n L\u00edquida Viscosa Aplicaciones: Adhesivos a base de agua de alta calidad para cajas y n\u00facleos de cart\u00f3n<\/p>\n","protected":false},"author":1,"featured_media":4366,"comment_status":"open","ping_status":"closed","template":"","meta":{"_acf_changed":false,"footnotes":""},"product_category":[],"class_list":["post-5539","product","type-product","status-publish","has-post-thumbnail","hentry"],"acf":[],"_links":{"self":[{"href":"https:\/\/www.latinor.com\/es\/wp-json\/wp\/v2\/product\/5539","targetHints":{"allow":["GET"]}}],"collection":[{"href":"https:\/\/www.latinor.com\/es\/wp-json\/wp\/v2\/product"}],"about":[{"href":"https:\/\/www.latinor.com\/es\/wp-json\/wp\/v2\/types\/product"}],"author":[{"embeddable":true,"href":"https:\/\/www.latinor.com\/es\/wp-json\/wp\/v2\/users\/1"}],"replies":[{"embeddable":true,"href":"https:\/\/www.latinor.com\/es\/wp-json\/wp\/v2\/comments?post=5539"}],"version-history":[{"count":12,"href":"https:\/\/www.latinor.com\/es\/wp-json\/wp\/v2\/product\/5539\/revisions"}],"predecessor-version":[{"id":5748,"href":"https:\/\/www.latinor.com\/es\/wp-json\/wp\/v2\/product\/5539\/revisions\/5748"}],"wp:featuredmedia":[{"embeddable":true,"href":"https:\/\/www.latinor.com\/es\/wp-json\/wp\/v2\/media\/4366"}],"wp:attachment":[{"href":"https:\/\/www.latinor.com\/es\/wp-json\/wp\/v2\/media?parent=5539"}],"wp:term":[{"taxonomy":"product_category","embeddable":true,"href":"https:\/\/www.latinor.com\/es\/wp-json\/wp\/v2\/product_category?post=5539"}],"curies":[{"name":"wp","href":"https:\/\/api.w.org\/{rel}","templated":true}]}}