{"id":5565,"date":"2022-12-12T21:29:42","date_gmt":"2022-12-12T21:29:42","guid":{"rendered":"https:\/\/latinor.com\/?post_type=product&#038;p=5565"},"modified":"2022-12-16T18:43:00","modified_gmt":"2022-12-16T18:43:00","slug":"resina-para-pvc","status":"publish","type":"product","link":"https:\/\/www.latinor.com\/es\/product\/resina-para-pvc\/","title":{"rendered":"RESINA DE PVC"},"content":{"rendered":"\n<h2 class=\"wp-block-heading\">RESINA DE PVC<\/h2>\n\n\n\n<div class=\"wp-block-group is-vertical is-layout-flex wp-container-core-group-is-layout-8cf370e7 wp-block-group-is-layout-flex\">\n<p><strong>Peletizada<\/strong><\/p>\n\n\n\n<p>Aplicaciones: Resinas de PVC K-65\/66 y K-56\/57 para Extrusi\u00f3n de <\/p>\n\n\n\n<p>Tubos, Perfiles e Inyecci\u00f3n de Accesorios R\u00edgidos<\/p>\n\n\n\n<div style=\"height:100px\" aria-hidden=\"true\" class=\"wp-block-spacer\"><\/div>\n\n\n\n<div style=\"height:100px\" aria-hidden=\"true\" class=\"wp-block-spacer\"><\/div>\n<\/div>\n","protected":false},"excerpt":{"rendered":"<p>RESINA DE PVC Peletizada Aplicaciones: Resinas de PVC K-65\/66 y K-56\/57 para Extrusi\u00f3n de Tubos, Perfiles e Inyecci\u00f3n de Accesorios R\u00edgidos<\/p>\n","protected":false},"author":1,"featured_media":4134,"comment_status":"open","ping_status":"closed","template":"","meta":{"_acf_changed":false,"footnotes":""},"product_category":[],"class_list":["post-5565","product","type-product","status-publish","has-post-thumbnail","hentry"],"acf":[],"_links":{"self":[{"href":"https:\/\/www.latinor.com\/es\/wp-json\/wp\/v2\/product\/5565","targetHints":{"allow":["GET"]}}],"collection":[{"href":"https:\/\/www.latinor.com\/es\/wp-json\/wp\/v2\/product"}],"about":[{"href":"https:\/\/www.latinor.com\/es\/wp-json\/wp\/v2\/types\/product"}],"author":[{"embeddable":true,"href":"https:\/\/www.latinor.com\/es\/wp-json\/wp\/v2\/users\/1"}],"replies":[{"embeddable":true,"href":"https:\/\/www.latinor.com\/es\/wp-json\/wp\/v2\/comments?post=5565"}],"version-history":[{"count":5,"href":"https:\/\/www.latinor.com\/es\/wp-json\/wp\/v2\/product\/5565\/revisions"}],"predecessor-version":[{"id":5786,"href":"https:\/\/www.latinor.com\/es\/wp-json\/wp\/v2\/product\/5565\/revisions\/5786"}],"wp:featuredmedia":[{"embeddable":true,"href":"https:\/\/www.latinor.com\/es\/wp-json\/wp\/v2\/media\/4134"}],"wp:attachment":[{"href":"https:\/\/www.latinor.com\/es\/wp-json\/wp\/v2\/media?parent=5565"}],"wp:term":[{"taxonomy":"product_category","embeddable":true,"href":"https:\/\/www.latinor.com\/es\/wp-json\/wp\/v2\/product_category?post=5565"}],"curies":[{"name":"wp","href":"https:\/\/api.w.org\/{rel}","templated":true}]}}